{"id":555,"date":"2023-10-05T12:46:41","date_gmt":"2023-10-05T15:46:41","guid":{"rendered":"https:\/\/nonagas.com.br\/?page_id=555"},"modified":"2023-10-05T12:48:42","modified_gmt":"2023-10-05T15:48:42","slug":"politica-de-privacidade","status":"publish","type":"page","link":"https:\/\/nonagas.com.br\/?page_id=555","title":{"rendered":"Politica de privacidade"},"content":{"rendered":"<p>[et_pb_section fb_built=&#8221;1&#8243; _builder_version=&#8221;4.9.7&#8243; _module_preset=&#8221;default&#8221;][et_pb_row _builder_version=&#8221;4.9.7&#8243; _module_preset=&#8221;default&#8221;][et_pb_column _builder_version=&#8221;4.9.7&#8243; _module_preset=&#8221;default&#8221; type=&#8221;4_4&#8243;][et_pb_text _builder_version=&#8221;4.9.7&#8243; _module_preset=&#8221;default&#8221; hover_enabled=&#8221;0&#8243; sticky_enabled=&#8221;0&#8243;]<\/p>\n<div class=\"et_pb_module et_pb_text et_pb_text_0 et_pb_text_align_center et_pb_bg_layout_light et_had_animation\">\n<div class=\"et_pb_text_inner\">\n<p data-sourcepos=\"1:1-1:40\"><strong><span style=\"vertical-align: inherit;\"><span style=\"vertical-align: inherit;\">Pol\u00edtica de Privacidade da Nona G\u00e1s<\/span><\/span><\/strong><\/p>\n<\/div>\n<\/div>\n<div class=\"et_pb_module et_pb_text et_pb_text_1 et_pb_text_align_center et_pb_bg_layout_light et_had_animation\">\n<div class=\"et_pb_text_inner\">\n<p data-sourcepos=\"3:1-3:14\"><strong><span style=\"vertical-align: inherit;\"><span style=\"vertical-align: inherit;\">Introdu\u00e7\u00e3o<\/span><\/span><\/strong><\/p>\n<p data-sourcepos=\"5:1-5:169\"><span style=\"vertical-align: inherit;\"><span style=\"vertical-align: inherit;\">A Nona g\u00e1s est\u00e1 comprometida em proteger a privacidade de seus clientes. <\/span><span style=\"vertical-align: inherit;\">Esta pol\u00edtica de privacidade descreve como coletamos, usamos e divulgamos informa\u00e7\u00f5es pessoais.<\/span><\/span><\/p>\n<p data-sourcepos=\"7:1-7:25\"><strong><span style=\"vertical-align: inherit;\"><span style=\"vertical-align: inherit;\">Informa\u00e7\u00f5es coletadas<\/span><\/span><\/strong><\/p>\n<p data-sourcepos=\"9:1-9:156\"><span style=\"vertical-align: inherit;\"><span style=\"vertical-align: inherit;\">Coletamos informa\u00e7\u00f5es pessoais quando voc\u00ea usa nosso bot\u00e3o do WhatsApp para solicitar um pedido de g\u00e1s. <\/span><span style=\"vertical-align: inherit;\">As informa\u00e7\u00f5es pessoais que coletamos podem incluir:<\/span><\/span><\/p>\n<ul data-sourcepos=\"11:1-18:0\">\n<li data-sourcepos=\"11:1-11:6\"><span style=\"vertical-align: inherit;\"><span style=\"vertical-align: inherit;\">Nome<\/span><\/span><\/li>\n<li data-sourcepos=\"12:1-12:10\"><span style=\"vertical-align: inherit;\"><span style=\"vertical-align: inherit;\">Endere\u00e7o<\/span><\/span><\/li>\n<li data-sourcepos=\"14:1-14:20\"><span style=\"vertical-align: inherit;\"><span style=\"vertical-align: inherit;\">N\u00famero de telefone<\/span><\/span><\/li>\n<li data-sourcepos=\"16:1-16:13\"><span style=\"vertical-align: inherit;\"><span style=\"vertical-align: inherit;\">Tipo de g\u00e1s<\/span><\/span><\/li>\n<\/ul>\n<p data-sourcepos=\"19:1-19:22\"><strong><span style=\"vertical-align: inherit;\"><span style=\"vertical-align: inherit;\">Uso de informa\u00e7\u00f5es<\/span><\/span><\/strong><\/p>\n<p data-sourcepos=\"21:1-21:252\"><span style=\"vertical-align: inherit;\"><span style=\"vertical-align: inherit;\">Usamos as informa\u00e7\u00f5es coletadas para fornecer nossos servi\u00e7os, para contat\u00e1-lo e para fins de marketing.<\/span><\/span><\/p>\n<p data-sourcepos=\"23:1-23:27\"><strong><span style=\"vertical-align: inherit;\"><span style=\"vertical-align: inherit;\">Prote\u00e7\u00e3o de informa\u00e7\u00f5es<\/span><\/span><\/strong><\/p>\n<p data-sourcepos=\"25:1-25:132\"><span style=\"vertical-align: inherit;\"><span style=\"vertical-align: inherit;\">Usamos medidas de seguran\u00e7a para proteger as informa\u00e7\u00f5es coletadas de acesso n\u00e3o autorizado, uso indevido, divulga\u00e7\u00e3o ou destrui\u00e7\u00e3o.<\/span><\/span><\/p>\n<p data-sourcepos=\"27:1-27:25\"><strong><span style=\"vertical-align: inherit;\"><span style=\"vertical-align: inherit;\">Direitos dos clientes<\/span><\/span><\/strong><\/p>\n<p data-sourcepos=\"29:1-29:162\"><span style=\"vertical-align: inherit;\"><span style=\"vertical-align: inherit;\">Os clientes t\u00eam o direito de acessar, concordar ou excluir suas informa\u00e7\u00f5es pessoais. <\/span><span style=\"vertical-align: inherit;\">Para fazer isso, entre em contato conosco pelo WhatsApp\u00a0<\/span><\/span><\/p>\n<p data-sourcepos=\"31:1-31:43\"><strong><span style=\"vertical-align: inherit;\"><span style=\"vertical-align: inherit;\">Atualiza\u00e7\u00f5es da pol\u00edtica de privacidade<\/span><\/span><\/strong><\/p>\n<p data-sourcepos=\"33:1-33:215\"><span style=\"vertical-align: inherit;\"><span style=\"vertical-align: inherit;\">Atualizamos nossa pol\u00edtica de privacidade regularmente para refletir sobre as mudan\u00e7as nas leis ou em nossas pr\u00e1ticas de privacidade. <\/span><span style=\"vertical-align: inherit;\">Voc\u00ea pode acessar a vers\u00e3o mais recente de nossa pol\u00edtica de privacidade em nosso site.<\/span><\/span><\/p>\n<p data-sourcepos=\"39:1-39:13\"><strong><span style=\"vertical-align: inherit;\"><span style=\"vertical-align: inherit;\">Perguntas<\/span><\/span><\/strong><\/p>\n<p data-sourcepos=\"41:1-41:125\"><span style=\"vertical-align: inherit;\"><span style=\"vertical-align: inherit;\">Se voc\u00ea tiver alguma d\u00favida sobre nossa pol\u00edtica de privacidade, entre em contato conosco pelo WhatsApp\u00a0<\/span><\/span><\/p>\n<p data-sourcepos=\"43:1-43:12\"><strong><span style=\"vertical-align: inherit;\"><span style=\"vertical-align: inherit;\">Exce\u00e7\u00f5es<\/span><\/span><\/strong><\/p>\n<p data-sourcepos=\"45:1-45:110\"><span style=\"vertical-align: inherit;\"><span style=\"vertical-align: inherit;\">N\u00e3o coletaremos ou usaremos informa\u00e7\u00f5es pessoais sem seu consentimento, exceto nas seguintes situa\u00e7\u00f5es:<\/span><\/span><\/p>\n<ul data-sourcepos=\"47:1-51:0\">\n<li data-sourcepos=\"47:1-47:50\"><span style=\"vertical-align: inherit;\"><span style=\"vertical-align: inherit;\">Quando necess\u00e1rio para fornecer nossos servi\u00e7os;<\/span><\/span><\/li>\n<li data-sourcepos=\"48:1-48:53\"><span style=\"vertical-align: inherit;\"><span style=\"vertical-align: inherit;\">Quando necess\u00e1rio para cumprir uma obriga\u00e7\u00e3o legal;<\/span><\/span><\/li>\n<li data-sourcepos=\"49:1-49:65\"><span style=\"vertical-align: inherit;\"><span style=\"vertical-align: inherit;\">Quando necess\u00e1rio para proteger nossos interesses leg\u00edtimos<\/span><\/span><\/li>\n<\/ul>\n<p data-sourcepos=\"52:1-52:17\"><strong><span style=\"vertical-align: inherit;\"><span style=\"vertical-align: inherit;\">Consentimento<\/span><\/span><\/strong><\/p>\n<p data-sourcepos=\"54:1-54:177\">Ao usar nosso bot\u00e3o do WhatsApp para solicitar um pedido de g\u00e1s, voc\u00ea concorda com a coleta e o uso de suas informa\u00e7\u00f5es pessoais conforme descrito nesta pol\u00edtica de privacidade.<\/p>\n<\/div>\n<\/div>\n<p>[\/et_pb_text][\/et_pb_column][\/et_pb_row][\/et_pb_section]<\/p>\n","protected":false},"excerpt":{"rendered":"<p>Pol\u00edtica de Privacidade da Nona G\u00e1s Introdu\u00e7\u00e3o A Nona g\u00e1s est\u00e1 comprometida em proteger a privacidade de seus clientes. Esta pol\u00edtica de privacidade descreve como coletamos, usamos e divulgamos informa\u00e7\u00f5es pessoais. Informa\u00e7\u00f5es coletadas Coletamos informa\u00e7\u00f5es pessoais quando voc\u00ea usa nosso bot\u00e3o do WhatsApp para solicitar um pedido de g\u00e1s. As informa\u00e7\u00f5es pessoais que coletamos podem [&hellip;]<\/p>\n","protected":false},"author":1,"featured_media":0,"parent":0,"menu_order":0,"comment_status":"closed","ping_status":"closed","template":"","meta":{"_et_pb_use_builder":"on","_et_pb_old_content":"","_et_gb_content_width":"","_joinchat":[],"footnotes":""},"class_list":["post-555","page","type-page","status-publish","hentry"],"_links":{"self":[{"href":"https:\/\/nonagas.com.br\/index.php?rest_route=\/wp\/v2\/pages\/555","targetHints":{"allow":["GET"]}}],"collection":[{"href":"https:\/\/nonagas.com.br\/index.php?rest_route=\/wp\/v2\/pages"}],"about":[{"href":"https:\/\/nonagas.com.br\/index.php?rest_route=\/wp\/v2\/types\/page"}],"author":[{"embeddable":true,"href":"https:\/\/nonagas.com.br\/index.php?rest_route=\/wp\/v2\/users\/1"}],"replies":[{"embeddable":true,"href":"https:\/\/nonagas.com.br\/index.php?rest_route=%2Fwp%2Fv2%2Fcomments&post=555"}],"version-history":[{"count":3,"href":"https:\/\/nonagas.com.br\/index.php?rest_route=\/wp\/v2\/pages\/555\/revisions"}],"predecessor-version":[{"id":559,"href":"https:\/\/nonagas.com.br\/index.php?rest_route=\/wp\/v2\/pages\/555\/revisions\/559"}],"wp:attachment":[{"href":"https:\/\/nonagas.com.br\/index.php?rest_route=%2Fwp%2Fv2%2Fmedia&parent=555"}],"curies":[{"name":"wp","href":"https:\/\/api.w.org\/{rel}","templated":true}]}}